{"id":645,"date":"2020-08-27T13:13:20","date_gmt":"2020-08-27T11:13:20","guid":{"rendered":"http:\/\/avenuerops.be\/?page_id=645"},"modified":"2022-08-22T17:23:11","modified_gmt":"2022-08-22T15:23:11","slug":"avis","status":"publish","type":"page","link":"https:\/\/avenuerops.be\/index.php\/avis\/","title":{"rendered":"Avis"},"content":{"rendered":"<div id=\"pl-645\"  class=\"panel-layout\" ><div id=\"pg-645-0\"  class=\"panel-grid panel-no-style\" ><div id=\"pgc-645-0-0\"  class=\"panel-grid-cell\" ><div id=\"panel-645-0-0-0\" class=\"so-panel widget panel-first-child panel-last-child\" data-index=\"0\" ><\/div><\/div><\/div><div id=\"pg-645-1\"  class=\"panel-grid panel-no-style\" ><div id=\"pgc-645-1-0\"  class=\"panel-grid-cell\" ><div id=\"panel-645-1-0-0\" class=\"so-panel widget panel-first-child panel-last-child\" data-index=\"1\" ><\/div><\/div><\/div><div id=\"pg-645-2\"  class=\"panel-grid panel-no-style\" ><div id=\"pgc-645-2-0\"  class=\"panel-grid-cell\" ><div id=\"panel-645-2-0-0\" class=\"so-panel widget widget_siteorigin-panels-builder panel-first-child panel-last-child\" data-index=\"2\" ><div id=\"pl-w63039e78cb227\"  class=\"panel-layout\" ><div id=\"pg-w63039e78cb227-0\"  class=\"panel-grid panel-no-style\" ><div id=\"pgc-w63039e78cb227-0-0\"  class=\"panel-grid-cell\" ><div id=\"panel-w63039e78cb227-0-0-0\" class=\"so-panel widget widget_text panel-first-child panel-last-child\" data-index=\"0\" >\t\t\t<div class=\"textwidget\"><pre class=\"ti-widget\" style=\"display: none\"><div class=\"ti-widget ti-airb ti-review-text-mode-readmore ti-text-align-left\" data-no-translation=\"true\" data-layout-id=\"4\" data-set-id=\"light-background\" data-pid=\"\" data-language=\"fr\" data-version=\"2\" data-review-target-width=\"300\" data-review-text-mode=\"readmore\" data-pager-autoplay-timeout=\"6\" > <div class=\"ti-widget-container ti-col-3\"> <div class=\"ti-reviews-container\"> <div class=\"ti-controls\"> <div class=\"ti-next\" aria-label=\"Avis suivante\" role=\"button\"><\/div> <div class=\"ti-prev\" aria-label=\"Avis pr\u00e9c\u00e9dent\" role=\"button\"><\/div> <\/div> <div class=\"ti-reviews-container-wrapper\">  <div data-empty=\"0\" class=\"ti-review-item source-Airbnb ti-image-layout-thumbnail\" data-id=\"cfcd208495d565ef66e7dff9f98764da\" > <div class=\"ti-inner\"> <div class=\"ti-review-header\"> <div class=\"ti-profile-img\"> <img src=\"https:\/\/a0.muscache.com\/im\/pictures\/user\/d18d6fa2-f881-4603-8ea1-c01dba8a17de.jpg\" srcset=\"https:\/\/a0.muscache.com\/im\/pictures\/user\/d18d6fa2-f881-4603-8ea1-c01dba8a17de.jpg 2x\" alt=\"Maryvonne\" loading=\"lazy\" \/> <\/div> <div class=\"ti-profile-details\"> <div class=\"ti-name\"> Maryvonne <\/div> <div class=\"ti-date\">2024-10-21<\/div> <\/div> <\/div> <span class=\"ti-stars\"><span class=\"ti-star f\"><\/span><span class=\"ti-star f\"><\/span><span class=\"ti-star f\"><\/span><span class=\"ti-star f\"><\/span><span class=\"ti-star f\"><\/span><\/span> <div class=\"ti-review-text-container ti-review-content\"><!-- R-CONTENT -->H\u00f4tes, tr\u00e8s r\u00e9actifs, chaleureux et \u00e0 l'\u00e9coute.Le g\u00eetes incroyablement bien entretenu, hyper \u00e9quip\u00e9e et super confort.Je le recommande fortement. J'ai ma famille qui venait de Montr\u00e9al. Parfait pour les familles et un jardin pour les enfants o\u00f9 jouer.D'ailleurs, les canadiens comptent y revenir chez St\u00e9phanie et Jean-Christophe. Merciiii...<!-- R-CONTENT --><\/div> <span class=\"ti-read-more\" data-container=\".ti-review-content\" data-collapse-text=\"Cacher\" data-open-text=\"Lire la suite\" ><\/span> <\/div> <\/div>  <div data-empty=\"0\" class=\"ti-review-item source-Airbnb ti-image-layout-thumbnail\" data-id=\"cfcd208495d565ef66e7dff9f98764da\" > <div class=\"ti-inner\"> <div class=\"ti-review-header\"> <div class=\"ti-profile-img\"> <img src=\"https:\/\/a0.muscache.com\/im\/pictures\/user\/75e1974c-bc7b-4b43-9bc4-ae8a8881df6e.jpg\" srcset=\"https:\/\/a0.muscache.com\/im\/pictures\/user\/75e1974c-bc7b-4b43-9bc4-ae8a8881df6e.jpg 2x\" alt=\"Laeticia\" loading=\"lazy\" \/> <\/div> <div class=\"ti-profile-details\"> <div class=\"ti-name\"> Laeticia <\/div> <div class=\"ti-date\">2024-07-27<\/div> <\/div> <\/div> <span class=\"ti-stars\"><span class=\"ti-star f\"><\/span><span class=\"ti-star f\"><\/span><span class=\"ti-star f\"><\/span><span class=\"ti-star f\"><\/span><span class=\"ti-star e\"><\/span><\/span> <div class=\"ti-review-text-container ti-review-content\"><!-- R-CONTENT -->We loved the flat and the location - would highly recommend.<!-- R-CONTENT --><\/div> <span class=\"ti-read-more\" data-container=\".ti-review-content\" data-collapse-text=\"Cacher\" data-open-text=\"Lire la suite\" ><\/span> <\/div> <\/div>  <div data-empty=\"0\" class=\"ti-review-item source-Airbnb ti-image-layout-thumbnail\" data-id=\"cfcd208495d565ef66e7dff9f98764da\" > <div class=\"ti-inner\"> <div class=\"ti-review-header\"> <div class=\"ti-profile-img\"> <img src=\"https:\/\/a0.muscache.com\/im\/pictures\/user\/fa91e456-e728-40a8-bed0-1b2edcaa2acc.jpg\" srcset=\"https:\/\/a0.muscache.com\/im\/pictures\/user\/fa91e456-e728-40a8-bed0-1b2edcaa2acc.jpg 2x\" alt=\"Ricardo\" loading=\"lazy\" \/> <\/div> <div class=\"ti-profile-details\"> <div class=\"ti-name\"> Ricardo <\/div> <div class=\"ti-date\">2024-06-23<\/div> <\/div> <\/div> <span class=\"ti-stars\"><span class=\"ti-star f\"><\/span><span class=\"ti-star f\"><\/span><span class=\"ti-star f\"><\/span><span class=\"ti-star f\"><\/span><span class=\"ti-star f\"><\/span><\/span> <div class=\"ti-review-text-container ti-review-content\"><!-- R-CONTENT -->Sehr sch\u00f6nen Aufenthalt! Lage ist super sch\u00f6n. Sehr sauber. Die Kommunikation war sehr gut. Schnelle R\u00fcckmeldungen und sehr freundlich!<!-- R-CONTENT --><\/div> <span class=\"ti-read-more\" data-container=\".ti-review-content\" data-collapse-text=\"Cacher\" data-open-text=\"Lire la suite\" ><\/span> <\/div> <\/div>  <div data-empty=\"0\" class=\"ti-review-item source-Airbnb ti-image-layout-thumbnail\" data-id=\"cfcd208495d565ef66e7dff9f98764da\" > <div class=\"ti-inner\"> <div class=\"ti-review-header\"> <div class=\"ti-profile-img\"> <img src=\"https:\/\/a0.muscache.com\/im\/pictures\/user\/User-456814942\/original\/17cbc88c-08cc-4a1d-912b-9bc0ede7ed78.jpeg\" srcset=\"https:\/\/a0.muscache.com\/im\/pictures\/user\/User-456814942\/original\/17cbc88c-08cc-4a1d-912b-9bc0ede7ed78.jpeg 2x\" alt=\"Mathieu\" loading=\"lazy\" \/> <\/div> <div class=\"ti-profile-details\"> <div class=\"ti-name\"> Mathieu <\/div> <div class=\"ti-date\">2024-06-16<\/div> <\/div> <\/div> <span class=\"ti-stars\"><span class=\"ti-star f\"><\/span><span class=\"ti-star f\"><\/span><span class=\"ti-star f\"><\/span><span class=\"ti-star f\"><\/span><span class=\"ti-star f\"><\/span><\/span> <div class=\"ti-review-text-container ti-review-content\"><!-- R-CONTENT -->On s'attache facilement \u00e0 cette endroit ! un ami avait du mal \u00e0 partir tellement on \u00e9tait bien ahaha. Donc ambiance intime, petite vue sur meuse extra ! Pas assez de mots pour tout dire tellement c'\u00e9tait bien !<!-- R-CONTENT --><\/div> <span class=\"ti-read-more\" data-container=\".ti-review-content\" data-collapse-text=\"Cacher\" data-open-text=\"Lire la suite\" ><\/span> <\/div> <\/div>  <div data-empty=\"0\" class=\"ti-review-item source-Airbnb ti-image-layout-thumbnail\" data-id=\"cfcd208495d565ef66e7dff9f98764da\" > <div class=\"ti-inner\"> <div class=\"ti-review-header\"> <div class=\"ti-profile-img\"> <img src=\"https:\/\/a0.muscache.com\/im\/Portrait\/Avatars\/messaging\/b3e03835-ade9-4eb7-a0bb-2466ab9a534d.jpg?im_policy=medq_w_text&im_t=S&im_w=240&im_f=airbnb-cereal-medium.ttf&im_c=ffffff\" srcset=\"https:\/\/a0.muscache.com\/im\/Portrait\/Avatars\/messaging\/b3e03835-ade9-4eb7-a0bb-2466ab9a534d.jpg?im_policy=medq_w_text&im_t=S&im_w=240&im_f=airbnb-cereal-medium.ttf&im_c=ffffff 2x\" alt=\"Sophie\" loading=\"lazy\" \/> <\/div> <div class=\"ti-profile-details\"> <div class=\"ti-name\"> Sophie <\/div> <div class=\"ti-date\">2024-04-14<\/div> <\/div> <\/div> <span class=\"ti-stars\"><span class=\"ti-star f\"><\/span><span class=\"ti-star f\"><\/span><span class=\"ti-star f\"><\/span><span class=\"ti-star f\"><\/span><span class=\"ti-star f\"><\/span><\/span> <div class=\"ti-review-text-container ti-review-content\"><!-- R-CONTENT -->Magnifique s\u00e9jour dans un coin tranquille et proche du centre<!-- R-CONTENT --><\/div> <span class=\"ti-read-more\" data-container=\".ti-review-content\" data-collapse-text=\"Cacher\" data-open-text=\"Lire la suite\" ><\/span> <\/div> <\/div>  <div data-empty=\"0\" class=\"ti-review-item source-Airbnb ti-image-layout-thumbnail\" data-id=\"cfcd208495d565ef66e7dff9f98764da\" > <div class=\"ti-inner\"> <div class=\"ti-review-header\"> <div class=\"ti-profile-img\"> <img src=\"https:\/\/a0.muscache.com\/im\/pictures\/user\/939b1bfc-079b-42a6-a708-bfe8758cfa96.jpg\" srcset=\"https:\/\/a0.muscache.com\/im\/pictures\/user\/939b1bfc-079b-42a6-a708-bfe8758cfa96.jpg 2x\" alt=\"Nikita\" loading=\"lazy\" \/> <\/div> <div class=\"ti-profile-details\"> <div class=\"ti-name\"> Nikita <\/div> <div class=\"ti-date\">2024-03-31<\/div> <\/div> <\/div> <span class=\"ti-stars\"><span class=\"ti-star f\"><\/span><span class=\"ti-star f\"><\/span><span class=\"ti-star f\"><\/span><span class=\"ti-star f\"><\/span><span class=\"ti-star f\"><\/span><\/span> <div class=\"ti-review-text-container ti-review-content\"><!-- R-CONTENT -->Great location. You have everything you need in this cottage, quite and peaceful<!-- R-CONTENT --><\/div> <span class=\"ti-read-more\" data-container=\".ti-review-content\" data-collapse-text=\"Cacher\" data-open-text=\"Lire la suite\" ><\/span> <\/div> <\/div>  <div data-empty=\"0\" class=\"ti-review-item source-Airbnb ti-image-layout-thumbnail\" data-id=\"cfcd208495d565ef66e7dff9f98764da\" > <div class=\"ti-inner\"> <div class=\"ti-review-header\"> <div class=\"ti-profile-img\"> <img src=\"https:\/\/a0.muscache.com\/im\/pictures\/user\/f7573b01-03bb-45ae-b057-79c6d785b076.jpg\" srcset=\"https:\/\/a0.muscache.com\/im\/pictures\/user\/f7573b01-03bb-45ae-b057-79c6d785b076.jpg 2x\" alt=\"Florence\" loading=\"lazy\" \/> <\/div> <div class=\"ti-profile-details\"> <div class=\"ti-name\"> Florence <\/div> <div class=\"ti-date\">2023-11-19<\/div> <\/div> <\/div> <span class=\"ti-stars\"><span class=\"ti-star f\"><\/span><span class=\"ti-star f\"><\/span><span class=\"ti-star f\"><\/span><span class=\"ti-star f\"><\/span><span class=\"ti-star f\"><\/span><\/span> <div class=\"ti-review-text-container ti-review-content\"><!-- R-CONTENT -->S\u00e9jour merveilleux dans ce g\u00eete id\u00e9alement situ\u00e9 : face \u00e0 la Meuse, \u00e0 proximit\u00e9 du centre de Namur tout en \u00e9tant au calme. Il y a un magnifique parc juste \u00e0 c\u00f4t\u00e9 du g\u00eete pour ceux qui aiment se balader. Les h\u00f4tes ont d\u00e9cor\u00e9 avec beaucoup de go\u00fbt ce logement. Ils sont tr\u00e8s sympathiques.A recommander sans aucun doute !!! Je reviendrai :-)<!-- R-CONTENT --><\/div> <span class=\"ti-read-more\" data-container=\".ti-review-content\" data-collapse-text=\"Cacher\" data-open-text=\"Lire la suite\" ><\/span> <\/div> <\/div>  <div data-empty=\"0\" class=\"ti-review-item source-Airbnb ti-image-layout-thumbnail\" data-id=\"cfcd208495d565ef66e7dff9f98764da\" > <div class=\"ti-inner\"> <div class=\"ti-review-header\"> <div class=\"ti-profile-img\"> <img src=\"https:\/\/a0.muscache.com\/im\/users\/28993632\/profile_pic\/1425854582\/original.jpg\" srcset=\"https:\/\/a0.muscache.com\/im\/users\/28993632\/profile_pic\/1425854582\/original.jpg 2x\" alt=\"Philipp\" loading=\"lazy\" \/> <\/div> <div class=\"ti-profile-details\"> <div class=\"ti-name\"> Philipp <\/div> <div class=\"ti-date\">2023-10-28<\/div> <\/div> <\/div> <span class=\"ti-stars\"><span class=\"ti-star f\"><\/span><span class=\"ti-star f\"><\/span><span class=\"ti-star f\"><\/span><span class=\"ti-star f\"><\/span><span class=\"ti-star f\"><\/span><\/span> <div class=\"ti-review-text-container ti-review-content\"><!-- R-CONTENT -->Thank you for a great stay, we enjoyed it very much<!-- R-CONTENT --><\/div> <span class=\"ti-read-more\" data-container=\".ti-review-content\" data-collapse-text=\"Cacher\" data-open-text=\"Lire la suite\" ><\/span> <\/div> <\/div>  <div data-empty=\"0\" class=\"ti-review-item source-Airbnb ti-image-layout-thumbnail\" data-id=\"cfcd208495d565ef66e7dff9f98764da\" > <div class=\"ti-inner\"> <div class=\"ti-review-header\"> <div class=\"ti-profile-img\"> <img src=\"https:\/\/a0.muscache.com\/im\/pictures\/user\/User-10316209\/original\/6eef6317-546f-4f9c-8bb7-75a948b93cbd.jpeg\" srcset=\"https:\/\/a0.muscache.com\/im\/pictures\/user\/User-10316209\/original\/6eef6317-546f-4f9c-8bb7-75a948b93cbd.jpeg 2x\" alt=\"Claire-H\u00e9l\u00e8ne\" loading=\"lazy\" \/> <\/div> <div class=\"ti-profile-details\"> <div class=\"ti-name\"> Claire-H\u00e9l\u00e8ne <\/div> <div class=\"ti-date\">2023-10-22<\/div> <\/div> <\/div> <span class=\"ti-stars\"><span class=\"ti-star f\"><\/span><span class=\"ti-star f\"><\/span><span class=\"ti-star f\"><\/span><span class=\"ti-star f\"><\/span><span class=\"ti-star f\"><\/span><\/span> <div class=\"ti-review-text-container ti-review-content\"><!-- R-CONTENT -->Bien que la maison de Jean-Christophe et St\u00e9phanie soit suffisamment grande pour quatre ou six personnes, nous l'avons lou\u00e9e pour deux. La distribution des deux chambres, du salon\/salle-\u00e0-manger et de la cuisine, au premier et m\u00eame \u00e9tage, recr\u00e9e l'intimit\u00e9 d'un appartement tout en offrant le luxe d'un hall et d'un acc\u00e8s au jardin au rez-de-chauss\u00e9e. La vue sur la Meuse est magnifique, le quartier r\u00e9sidentiel, la rue tr\u00e8s paisible. La vue depuis les chambres sur la colline et les petits jardins typiques \u00e0 l'arri\u00e8re de la maison est \u00e9galement tr\u00e8s jolie. L'\u00e9quipement de la maison est de grande qualit\u00e9, fonctionnel, tout est tr\u00e8s soign\u00e9. Nos h\u00f4tes se sont montr\u00e9s tr\u00e8s courtois et r\u00e9actifs et, ayant eu la chance de les croiser, nous les recommandons chaleureusement.<!-- R-CONTENT --><\/div> <span class=\"ti-read-more\" data-container=\".ti-review-content\" data-collapse-text=\"Cacher\" data-open-text=\"Lire la suite\" ><\/span> <\/div> <\/div>  <div data-empty=\"0\" class=\"ti-review-item source-Airbnb ti-image-layout-thumbnail\" data-id=\"cfcd208495d565ef66e7dff9f98764da\" > <div class=\"ti-inner\"> <div class=\"ti-review-header\"> <div class=\"ti-profile-img\"> <img src=\"https:\/\/a0.muscache.com\/im\/users\/26959776\/profile_pic\/1422647035\/original.jpg\" srcset=\"https:\/\/a0.muscache.com\/im\/users\/26959776\/profile_pic\/1422647035\/original.jpg 2x\" alt=\"Joris\" loading=\"lazy\" \/> <\/div> <div class=\"ti-profile-details\"> <div class=\"ti-name\"> Joris <\/div> <div class=\"ti-date\">2023-10-15<\/div> <\/div> <\/div> <span class=\"ti-stars\"><span class=\"ti-star f\"><\/span><span class=\"ti-star f\"><\/span><span class=\"ti-star f\"><\/span><span class=\"ti-star f\"><\/span><span class=\"ti-star e\"><\/span><\/span> <div class=\"ti-review-text-container ti-review-content\"><!-- R-CONTENT -->Mooi verblijf gehad in een leuk huisje en leuke stad.Aangenaam ontbijten met zicht op de Maas.<!-- R-CONTENT --><\/div> <span class=\"ti-read-more\" data-container=\".ti-review-content\" data-collapse-text=\"Cacher\" data-open-text=\"Lire la suite\" ><\/span> <\/div> <\/div>  <\/div> <div class=\"ti-controls-line\"> <div class=\"dot\"><\/div> <\/div> <\/div>   <\/div> <\/div> <\/pre>\n<\/div>\n\t\t<\/div><\/div><\/div><\/div><\/div><\/div><\/div><div id=\"pg-645-3\"  class=\"panel-grid panel-no-style\" ><div id=\"pgc-645-3-0\"  class=\"panel-grid-cell\" ><div id=\"panel-645-3-0-0\" class=\"so-panel widget widget_siteorigin-panels-builder panel-first-child panel-last-child\" data-index=\"3\" ><div id=\"pl-w63039f5f2f7eb\"  class=\"panel-layout\" ><div id=\"pg-w63039f5f2f7eb-0\"  class=\"panel-grid panel-no-style\" ><div id=\"pgc-w63039f5f2f7eb-0-0\"  class=\"panel-grid-cell\" ><div id=\"panel-w63039f5f2f7eb-0-0-0\" class=\"so-panel widget widget_text panel-first-child panel-last-child\" data-index=\"0\" >\t\t\t<div class=\"textwidget\"><div data-src=\"https:\/\/cdn.trustindex.io\/loader.js?da351ad87fce7338b351530c58\"><\/div>\n<\/div>\n\t\t<\/div><\/div><\/div><\/div><\/div><\/div><\/div><\/div>","protected":false},"excerpt":{"rendered":"<p>Maryvonne 2024-10-21 H\u00f4tes, tr\u00e8s r\u00e9actifs, chaleureux et \u00e0 l&rsquo;\u00e9coute.Le g\u00eetes incroyablement bien entretenu, hyper \u00e9quip\u00e9e et super confort.Je le recommande fortement. J&rsquo;ai ma famille qui venait de Montr\u00e9al. Parfait pour les familles et un jardin pour les enfants o\u00f9 jouer.D&rsquo;ailleurs, les canadiens comptent y revenir chez St\u00e9phanie et Jean-Christophe. Merciiii&#8230; Laeticia 2024-07-27 We loved the [&hellip;]<\/p>\n","protected":false},"author":1,"featured_media":0,"parent":0,"menu_order":0,"comment_status":"closed","ping_status":"closed","template":"","meta":{"cybocfi_hide_featured_image":""},"_links":{"self":[{"href":"https:\/\/avenuerops.be\/index.php\/wp-json\/wp\/v2\/pages\/645"}],"collection":[{"href":"https:\/\/avenuerops.be\/index.php\/wp-json\/wp\/v2\/pages"}],"about":[{"href":"https:\/\/avenuerops.be\/index.php\/wp-json\/wp\/v2\/types\/page"}],"author":[{"embeddable":true,"href":"https:\/\/avenuerops.be\/index.php\/wp-json\/wp\/v2\/users\/1"}],"replies":[{"embeddable":true,"href":"https:\/\/avenuerops.be\/index.php\/wp-json\/wp\/v2\/comments?post=645"}],"version-history":[{"count":12,"href":"https:\/\/avenuerops.be\/index.php\/wp-json\/wp\/v2\/pages\/645\/revisions"}],"predecessor-version":[{"id":673,"href":"https:\/\/avenuerops.be\/index.php\/wp-json\/wp\/v2\/pages\/645\/revisions\/673"}],"wp:attachment":[{"href":"https:\/\/avenuerops.be\/index.php\/wp-json\/wp\/v2\/media?parent=645"}],"curies":[{"name":"wp","href":"https:\/\/api.w.org\/{rel}","templated":true}]}}