{"id":364,"date":"2020-08-05T17:24:14","date_gmt":"2020-08-05T15:24:14","guid":{"rendered":"http:\/\/avenuerops.be\/?page_id=364"},"modified":"2020-10-20T10:53:11","modified_gmt":"2020-10-20T08:53:11","slug":"reserver-maintenant","status":"publish","type":"page","link":"https:\/\/avenuerops.be\/index.php\/reserver-maintenant\/","title":{"rendered":"R\u00e9servation"},"content":{"rendered":"<div\n\t\t\t\n\t\t\tclass=\"so-widget-sow-headline so-widget-sow-headline-default-2f93f26042ba\"\n\t\t\t\n\t\t><div class=\"sow-headline-container \">\n\t\t\t\t\t\t\t<h2 class=\"sow-headline\">\n\t\t\t\t\t\tR\u00e9servez votre s\u00e9jour d\u00e8s maintenant en cliquant sur un des liens suivants :\t\t\t\t\t\t<\/h2>\n\t\t\t\t\t\t\t\t\t\t\t<div class=\"decoration\">\n\t\t\t\t\t\t<div class=\"decoration-inside\"><\/div>\n\t\t\t\t\t<\/div>\n\t\t\t\t\t<\/div>\n<\/div>\n\n<div id=\"pl-gb364-69de1cbdf21c4\"  class=\"panel-layout\" ><div id=\"pg-gb364-69de1cbdf21c4-0\"  class=\"panel-grid panel-no-style\" ><div id=\"pgc-gb364-69de1cbdf21c4-0-0\"  class=\"panel-grid-cell panel-grid-cell-empty panel-grid-cell-mobile-last\" ><\/div><div id=\"pgc-gb364-69de1cbdf21c4-0-1\"  class=\"panel-grid-cell panel-grid-cell-empty\" ><\/div><\/div><div id=\"pg-gb364-69de1cbdf21c4-1\"  class=\"panel-grid panel-no-style\" ><div id=\"pgc-gb364-69de1cbdf21c4-1-0\"  class=\"panel-grid-cell panel-grid-cell-empty\" ><\/div><div id=\"pgc-gb364-69de1cbdf21c4-1-1\"  class=\"panel-grid-cell\" ><div id=\"panel-gb364-69de1cbdf21c4-1-1-0\" class=\"so-panel widget widget_sow-button panel-first-child panel-last-child\" data-index=\"0\" ><div\n\t\t\t\n\t\t\tclass=\"so-widget-sow-button so-widget-sow-button-wire-639297e9c5dd-364\"\n\t\t\t\n\t\t><div class=\"ow-button-base ow-button-align-center\">\n\t\t\t<a\n\t\t\t\t\thref=\"https:\/\/www.booking.com\/hotel\/be\/avenue-rops.fr.html\"\n\t\t\t\t\tclass=\"sowb-button ow-icon-placement-left ow-button-hover\" target=\"_blank\" rel=\"noopener noreferrer\" \t>\n\t\t<span>\n\t\t\t<span class=\"sow-icon-fontawesome sow-far\" data-sow-icon=\"&#xf073;\"\n\t\tstyle=\"\" \n\t\taria-hidden=\"true\"><\/span>\n\t\t\tBooking\t\t<\/span>\n\t\t\t<\/a>\n\t<\/div>\n<\/div><\/div><\/div><div id=\"pgc-gb364-69de1cbdf21c4-1-2\"  class=\"panel-grid-cell panel-grid-cell-mobile-last\" ><div id=\"panel-gb364-69de1cbdf21c4-1-2-0\" class=\"so-panel widget widget_sow-button panel-first-child panel-last-child\" data-index=\"1\" ><div\n\t\t\t\n\t\t\tclass=\"so-widget-sow-button so-widget-sow-button-wire-639297e9c5dd-364\"\n\t\t\t\n\t\t><div class=\"ow-button-base ow-button-align-center\">\n\t\t\t<a\n\t\t\t\t\thref=\"https:\/\/www.airbnb.fr\/rooms\/44604885\"\n\t\t\t\t\tclass=\"sowb-button ow-icon-placement-left ow-button-hover\" target=\"_blank\" rel=\"noopener noreferrer\" \t>\n\t\t<span>\n\t\t\t<span class=\"sow-icon-fontawesome sow-far\" data-sow-icon=\"&#xf073;\"\n\t\tstyle=\"\" \n\t\taria-hidden=\"true\"><\/span>\n\t\t\tAirbnb\t\t<\/span>\n\t\t\t<\/a>\n\t<\/div>\n<\/div><\/div><\/div><div id=\"pgc-gb364-69de1cbdf21c4-1-3\"  class=\"panel-grid-cell panel-grid-cell-empty\" ><\/div><\/div><\/div>","protected":false},"excerpt":{"rendered":"","protected":false},"author":1,"featured_media":154,"parent":0,"menu_order":0,"comment_status":"closed","ping_status":"closed","template":"","meta":{"cybocfi_hide_featured_image":"yes"},"_links":{"self":[{"href":"https:\/\/avenuerops.be\/index.php\/wp-json\/wp\/v2\/pages\/364"}],"collection":[{"href":"https:\/\/avenuerops.be\/index.php\/wp-json\/wp\/v2\/pages"}],"about":[{"href":"https:\/\/avenuerops.be\/index.php\/wp-json\/wp\/v2\/types\/page"}],"author":[{"embeddable":true,"href":"https:\/\/avenuerops.be\/index.php\/wp-json\/wp\/v2\/users\/1"}],"replies":[{"embeddable":true,"href":"https:\/\/avenuerops.be\/index.php\/wp-json\/wp\/v2\/comments?post=364"}],"version-history":[{"count":39,"href":"https:\/\/avenuerops.be\/index.php\/wp-json\/wp\/v2\/pages\/364\/revisions"}],"predecessor-version":[{"id":659,"href":"https:\/\/avenuerops.be\/index.php\/wp-json\/wp\/v2\/pages\/364\/revisions\/659"}],"wp:featuredmedia":[{"embeddable":true,"href":"https:\/\/avenuerops.be\/index.php\/wp-json\/wp\/v2\/media\/154"}],"wp:attachment":[{"href":"https:\/\/avenuerops.be\/index.php\/wp-json\/wp\/v2\/media?parent=364"}],"curies":[{"name":"wp","href":"https:\/\/api.w.org\/{rel}","templated":true}]}}