{"id":251,"date":"2020-08-05T13:03:04","date_gmt":"2020-08-05T11:03:04","guid":{"rendered":"http:\/\/avenuerops.be\/?page_id=251"},"modified":"2020-08-06T14:28:53","modified_gmt":"2020-08-06T12:28:53","slug":"a-propos","status":"publish","type":"page","link":"https:\/\/avenuerops.be\/","title":{"rendered":"Bienvenue"},"content":{"rendered":"<p>G\u00eete en bord de Meuse situ\u00e9 \u00e0 La Plante \u00e0 Namur, proche de la Citadelle et \u00e0 quelques pas du centre en longeant le fleuve. Situ\u00e9 \u00e0 c\u00f4t\u00e9 du parc qui invite \u00e0 la fl\u00e2nerie avec ses arbres centenaires. Magnifique vue sur la Meuse !<\/p>\n\n\n<p><\/p>\n","protected":false},"excerpt":{"rendered":"<p>G\u00eete en bord de Meuse situ\u00e9 \u00e0 La Plante \u00e0 Namur, proche de la Citadelle et \u00e0 quelques pas du centre en longeant le fleuve. Situ\u00e9 \u00e0 c\u00f4t\u00e9 du parc qui invite \u00e0 la fl\u00e2nerie avec ses arbres centenaires. Magnifique vue sur la Meuse !<\/p>\n","protected":false},"author":1,"featured_media":225,"parent":0,"menu_order":0,"comment_status":"closed","ping_status":"closed","template":"","meta":{"cybocfi_hide_featured_image":""},"_links":{"self":[{"href":"https:\/\/avenuerops.be\/index.php\/wp-json\/wp\/v2\/pages\/251"}],"collection":[{"href":"https:\/\/avenuerops.be\/index.php\/wp-json\/wp\/v2\/pages"}],"about":[{"href":"https:\/\/avenuerops.be\/index.php\/wp-json\/wp\/v2\/types\/page"}],"author":[{"embeddable":true,"href":"https:\/\/avenuerops.be\/index.php\/wp-json\/wp\/v2\/users\/1"}],"replies":[{"embeddable":true,"href":"https:\/\/avenuerops.be\/index.php\/wp-json\/wp\/v2\/comments?post=251"}],"version-history":[{"count":4,"href":"https:\/\/avenuerops.be\/index.php\/wp-json\/wp\/v2\/pages\/251\/revisions"}],"predecessor-version":[{"id":493,"href":"https:\/\/avenuerops.be\/index.php\/wp-json\/wp\/v2\/pages\/251\/revisions\/493"}],"wp:featuredmedia":[{"embeddable":true,"href":"https:\/\/avenuerops.be\/index.php\/wp-json\/wp\/v2\/media\/225"}],"wp:attachment":[{"href":"https:\/\/avenuerops.be\/index.php\/wp-json\/wp\/v2\/media?parent=251"}],"curies":[{"name":"wp","href":"https:\/\/api.w.org\/{rel}","templated":true}]}}